{"id":1566,"date":"2021-03-13T12:45:34","date_gmt":"2021-03-13T11:45:34","guid":{"rendered":"https:\/\/izgorsek.si\/begehbarkeit\/"},"modified":"2023-12-18T16:58:13","modified_gmt":"2023-12-18T15:58:13","slug":"begehbarkeit","status":"publish","type":"page","link":"https:\/\/izgorsek.si\/de\/begehbarkeit\/","title":{"rendered":"Begehbarkeit"},"content":{"rendered":"\t\t<div data-elementor-type=\"wp-page\" data-elementor-id=\"1566\" class=\"elementor elementor-1566 elementor-1309\" data-elementor-post-type=\"page\">\n\t\t\t\t\t\t\t\t\t<section class=\"elementor-section elementor-top-section elementor-element elementor-element-e45aa63 elementor-section-boxed elementor-section-height-default elementor-section-height-default\" data-id=\"e45aa63\" data-element_type=\"section\">\n\t\t\t\t\t\t<div class=\"elementor-container elementor-column-gap-default\">\n\t\t\t\t\t<div class=\"elementor-column elementor-col-100 elementor-top-column elementor-element elementor-element-b23e13b\" data-id=\"b23e13b\" data-element_type=\"column\">\n\t\t\t<div class=\"elementor-widget-wrap elementor-element-populated\">\n\t\t\t\t\t\t\t\t<div class=\"elementor-element elementor-element-129eb6d elementor-widget elementor-widget-image\" data-id=\"129eb6d\" data-element_type=\"widget\" data-widget_type=\"image.default\">\n\t\t\t\t<div class=\"elementor-widget-container\">\n\t\t\t\t\t\t\t\t\t\t\t\t\t\t\t\t<a href=\"https:\/\/izgorsek.si\/wp-content\/uploads\/2020\/11\/RecordFieldThumbnail.ashx_.jpg\" data-elementor-open-lightbox=\"yes\" data-elementor-lightbox-title=\"RecordFieldThumbnail.ashx\" data-e-action-hash=\"#elementor-action%3Aaction%3Dlightbox%26settings%3DeyJpZCI6MTU2OCwidXJsIjoiaHR0cHM6XC9cL2l6Z29yc2VrLnNpXC93cC1jb250ZW50XC91cGxvYWRzXC8yMDIwXC8xMVwvUmVjb3JkRmllbGRUaHVtYm5haWwuYXNoeF8uanBnIn0%3D\">\n\t\t\t\t\t\t\t<img decoding=\"async\" width=\"1280\" height=\"768\" data-src=\"https:\/\/izgorsek.si\/wp-content\/uploads\/2020\/11\/RecordFieldThumbnail.ashx_.jpg\" class=\"attachment-full size-full wp-image-1568 lazyload\" alt=\"\" data-srcset=\"https:\/\/izgorsek.si\/wp-content\/uploads\/2020\/11\/RecordFieldThumbnail.ashx_.jpg 1280w, https:\/\/izgorsek.si\/wp-content\/uploads\/2020\/11\/RecordFieldThumbnail.ashx_-300x180.jpg 300w, https:\/\/izgorsek.si\/wp-content\/uploads\/2020\/11\/RecordFieldThumbnail.ashx_-1024x614.jpg 1024w, https:\/\/izgorsek.si\/wp-content\/uploads\/2020\/11\/RecordFieldThumbnail.ashx_-768x461.jpg 768w, https:\/\/izgorsek.si\/wp-content\/uploads\/2020\/11\/RecordFieldThumbnail.ashx_-146x88.jpg 146w\" data-sizes=\"(max-width: 1280px) 100vw, 1280px\" src=\"data:image\/svg+xml;base64,PHN2ZyB3aWR0aD0iMSIgaGVpZ2h0PSIxIiB4bWxucz0iaHR0cDovL3d3dy53My5vcmcvMjAwMC9zdmciPjwvc3ZnPg==\" style=\"--smush-placeholder-width: 1280px; --smush-placeholder-aspect-ratio: 1280\/768;\" \/>\t\t\t\t\t\t\t\t<\/a>\n\t\t\t\t\t\t\t\t\t\t\t\t\t\t\t<\/div>\n\t\t\t\t<\/div>\n\t\t\t\t\t<\/div>\n\t\t<\/div>\n\t\t\t\t\t\t\t<\/div>\n\t\t<\/section>\n\t\t\t\t<section class=\"elementor-section elementor-top-section elementor-element elementor-element-bf611fe elementor-section-boxed elementor-section-height-default elementor-section-height-default\" data-id=\"bf611fe\" data-element_type=\"section\">\n\t\t\t\t\t\t<div class=\"elementor-container elementor-column-gap-default\">\n\t\t\t\t\t<div class=\"elementor-column elementor-col-100 elementor-top-column elementor-element elementor-element-6aee0e2\" data-id=\"6aee0e2\" data-element_type=\"column\">\n\t\t\t<div class=\"elementor-widget-wrap elementor-element-populated\">\n\t\t\t\t\t\t\t\t<div class=\"elementor-element elementor-element-a20c905 elementor-widget elementor-widget-heading\" data-id=\"a20c905\" data-element_type=\"widget\" data-widget_type=\"heading.default\">\n\t\t\t\t<div class=\"elementor-widget-container\">\n\t\t\t<h2 class=\"elementor-heading-title elementor-size-default\">Begehbarkeit<\/h2>\t\t<\/div>\n\t\t\t\t<\/div>\n\t\t\t\t\t<\/div>\n\t\t<\/div>\n\t\t\t\t\t\t\t<\/div>\n\t\t<\/section>\n\t\t\t\t<section class=\"elementor-section elementor-top-section elementor-element elementor-element-d9ed1ac elementor-section-boxed elementor-section-height-default elementor-section-height-default\" data-id=\"d9ed1ac\" data-element_type=\"section\">\n\t\t\t\t\t\t<div class=\"elementor-container elementor-column-gap-default\">\n\t\t\t\t\t<div class=\"elementor-column elementor-col-100 elementor-top-column elementor-element elementor-element-ebf4a45\" data-id=\"ebf4a45\" data-element_type=\"column\">\n\t\t\t<div class=\"elementor-widget-wrap elementor-element-populated\">\n\t\t\t\t\t\t\t\t<div class=\"elementor-element elementor-element-b71995a elementor-widget elementor-widget-text-editor\" data-id=\"b71995a\" data-element_type=\"widget\" data-widget_type=\"text-editor.default\">\n\t\t\t\t<div class=\"elementor-widget-container\">\n\t\t\t\t\t\t\t<p>Erobern Sie die Berggipfel in der Umgebung. Wir bieten Ihnen auch die Touren unter der Fachleitung. F\u00fcr die Kletterer gibt es in der unmittelbarer N\u00e4he die Kletterw\u00e4nde Kote\u010dnik und Kamnik.<\/p><p><style>\ntable, th, td {<br\/>\n  border: 0px;<br\/>\n}<br\/>\n<\/style><\/p><table style=\"width: 100%;\"><tbody><tr><th>Die nahen Berge<\/th><th>Die Meeresh\u00f6he <\/th><th>Die Dauer der Touren<\/th><\/tr><tr><td>Hom<\/td><td>607 m<\/td><td>1,10 Uhr<\/td><\/tr><tr><td>Kal<\/td><td>985 m<\/td><td>2,30 Uhr<\/td><\/tr><tr><td>Mrzlca<\/td><td>1122 m<\/td><td>2,30 Uhr<\/td><\/tr><tr><td>\u0160mohor<\/td><td>784 m<\/td><td>2,10 Uhr<\/td><\/tr><tr><td>Goznik<\/td><td>1090 m<\/td><td>2 Uhr<\/td><\/tr><tr><td>Kote\u010dnik<\/td><td>772 m<\/td><td>1,30 Uhr<\/td><\/tr><tr><td>Kamnik<\/td><td>856 m<\/td><td>1,30 Uhr<\/td><\/tr><tr><td>Mali\u010d<\/td><td>936 m<\/td><td>3,10 Uhr<\/td><\/tr><tr><td>Golava<\/td><td>834 m<\/td><td>1,30 Uhr<\/td><\/tr><tr><td>Bukovica<\/td><td>584 m<\/td><td>1,15 Uhr<\/td><\/tr><\/tbody><tbody><tr><th>L\u00e4ngere Strecke<\/th><th>Die Dauer der Touren<\/th><th>Kilometer<\/th><\/tr><tr><td>TK Izgor\u0161ek &#8211; Hom \u2013 Golava &#8211; Mrzlca \u2013 Kal \u2013 Kamnik \u2013 TK Izgor\u0161ek<\/td><td>cca 8 Uhr<\/td><td>29 km<\/td><\/tr><tr><td>TK Izgor\u0161ek \u2013 Goznik \u2013 \u0160mohor \u2013 Mali\u010d \u2013 Kote\u010dnik \u2013 Bukovica &#8211; TK Izgor\u0161ek<\/td><td>cca 8,30 Uhr<\/td><td>31 km<\/td><\/tr><\/tbody><\/table>\t\t\t\t\t\t<\/div>\n\t\t\t\t<\/div>\n\t\t\t\t\t<\/div>\n\t\t<\/div>\n\t\t\t\t\t\t\t<\/div>\n\t\t<\/section>\n\t\t\t\t\t\t\t<\/div>\n\t\t","protected":false},"excerpt":{"rendered":"<p>Begehbarkeit Erobern Sie die Berggipfel in der Umgebung. Wir bieten Ihnen auch die Touren unter der Fachleitung. F\u00fcr die Kletterer gibt es in der unmittelbarer N\u00e4he die Kletterw\u00e4nde Kote\u010dnik und Kamnik. Die nahen Berge Die Meeresh\u00f6he Die Dauer der Touren Hom 607 m 1,10 Uhr Kal 985 m 2,30 Uhr Mrzlca 1122 m 2,30 Uhr [&hellip;]<\/p>\n","protected":false},"author":6,"featured_media":0,"parent":0,"menu_order":0,"comment_status":"closed","ping_status":"closed","template":"template-full-width.php","meta":{"_acf_changed":false,"footnotes":""},"class_list":["post-1566","page","type-page","status-publish","hentry"],"acf":[],"_links":{"self":[{"href":"https:\/\/izgorsek.si\/de\/wp-json\/wp\/v2\/pages\/1566","targetHints":{"allow":["GET"]}}],"collection":[{"href":"https:\/\/izgorsek.si\/de\/wp-json\/wp\/v2\/pages"}],"about":[{"href":"https:\/\/izgorsek.si\/de\/wp-json\/wp\/v2\/types\/page"}],"author":[{"embeddable":true,"href":"https:\/\/izgorsek.si\/de\/wp-json\/wp\/v2\/users\/6"}],"replies":[{"embeddable":true,"href":"https:\/\/izgorsek.si\/de\/wp-json\/wp\/v2\/comments?post=1566"}],"version-history":[{"count":4,"href":"https:\/\/izgorsek.si\/de\/wp-json\/wp\/v2\/pages\/1566\/revisions"}],"predecessor-version":[{"id":3079,"href":"https:\/\/izgorsek.si\/de\/wp-json\/wp\/v2\/pages\/1566\/revisions\/3079"}],"wp:attachment":[{"href":"https:\/\/izgorsek.si\/de\/wp-json\/wp\/v2\/media?parent=1566"}],"curies":[{"name":"wp","href":"https:\/\/api.w.org\/{rel}","templated":true}]}}