{"id":1597,"date":"2018-06-11T13:33:20","date_gmt":"2018-06-11T11:33:20","guid":{"rendered":"https:\/\/izgorsek.si\/unterbringung\/"},"modified":"2024-08-11T11:27:36","modified_gmt":"2024-08-11T09:27:36","slug":"unterbringung","status":"publish","type":"page","link":"https:\/\/izgorsek.si\/de\/unterbringung\/","title":{"rendered":"Unterbringung"},"content":{"rendered":"\t\t<div data-elementor-type=\"wp-page\" data-elementor-id=\"1597\" class=\"elementor elementor-1597 elementor-606\" data-elementor-post-type=\"page\">\n\t\t\t\t\t\t\t<div class=\"elementor-element elementor-element-7b3d0e6 e-flex e-con-boxed e-con e-parent\" data-id=\"7b3d0e6\" data-element_type=\"container\" data-settings=\"{&quot;content_width&quot;:&quot;boxed&quot;}\" data-core-v316-plus=\"true\">\n\t\t\t\t\t<div class=\"e-con-inner\">\n\t\t<div class=\"elementor-element elementor-element-04b8fca e-con-full e-flex e-con e-child\" data-id=\"04b8fca\" data-element_type=\"container\" data-settings=\"{&quot;content_width&quot;:&quot;full&quot;}\">\n\t\t\t\t<div class=\"elementor-element elementor-element-8b94e3e elementor-widget elementor-widget-heading\" data-id=\"8b94e3e\" data-element_type=\"widget\" data-widget_type=\"heading.default\">\n\t\t\t\t<div class=\"elementor-widget-container\">\n\t\t\t<h2 class=\"elementor-heading-title elementor-size-default\">Unterkunftsangebot<\/h2>\t\t<\/div>\n\t\t\t\t<\/div>\n\t\t\t\t<div class=\"elementor-element elementor-element-7bad2de elementor-widget elementor-widget-text-editor\" data-id=\"7bad2de\" data-element_type=\"widget\" data-widget_type=\"text-editor.default\">\n\t\t\t\t<div class=\"elementor-widget-container\">\n\t\t\t\t\t\t\t<p>Unser Angebot umfasst drei wundersch\u00f6n eingerichtete Apartments \u2013 Ram\u0161ak, Vasle und Oreh, die perfekt sind, um sich zu entspannen und die Ruhe der Natur zu genie\u00dfen. Jedes Apartment ist einzigartig gestaltet, um eine warme und heimelige Atmosph\u00e4re zu bieten. Dar\u00fcber hinaus bieten wir auch die M\u00f6glichkeit zum Camping auf unserem wundersch\u00f6nen Zeltplatz, wo Sie direkten Kontakt mit der Natur erleben k\u00f6nnen.<\/p>\t\t\t\t\t\t<\/div>\n\t\t\t\t<\/div>\n\t\t\t\t<\/div>\n\t\t\t\t\t<\/div>\n\t\t\t\t<\/div>\n\t\t<div class=\"elementor-element elementor-element-280386f e-flex e-con-boxed e-con e-parent\" data-id=\"280386f\" data-element_type=\"container\" data-settings=\"{&quot;content_width&quot;:&quot;boxed&quot;}\" data-core-v316-plus=\"true\">\n\t\t\t\t\t<div class=\"e-con-inner\">\n\t\t\t\t<div class=\"elementor-element elementor-element-8ad8f1d elementor-widget elementor-widget-html\" data-id=\"8ad8f1d\" data-element_type=\"widget\" data-widget_type=\"html.default\">\n\t\t\t\t<div class=\"elementor-widget-container\">\n\t\t\t<div class=\"mphb_sc_rooms-wrapper mphb-room-types standard \">\n<div class=\"mphb-room-type post-115 mphb_room_type type-mphb_room_type status-publish has-post-thumbnail mphb_room_type_category-apartma mphb_room_type_facility-klima mphb_room_type_facility-free-wi-fi mphb-room-type-adults-4 mphb-room-type-children-0 \">\n\n\t\n\t\n\n\t<p class=\"post-thumbnail mphb-loop-room-thumbnail\">\n\t<a href=\"https:\/\/izgorsek.si\/de\/unterkunfte\/apartmavasle\/\">\n\t<img width=\"1280\" height=\"800\" alt=\"\" decoding=\"async\" data-srcset=\"https:\/\/izgorsek.si\/wp-content\/uploads\/2023\/11\/DSC_5129-scaled.jpg\" data-src=\"https:\/\/izgorsek.si\/wp-content\/uploads\/2023\/11\/DSC_5129-scaled.jpg\" data-sizes=\"(max-width: 1280px) 100vw, 1280px\" class=\"attachment-alpenhouse-medium size-alpenhouse-medium wp-post-image lazyloaded\" src=\"https:\/\/izgorsek.si\/wp-content\/uploads\/2023\/11\/DSC_5129-scaled.jpg\" sizes=\"(max-width: 1280px) 100vw, 1280px\" srcset=\"https:\/\/izgorsek.si\/wp-content\/uploads\/2023\/11\/DSC_5129-scaled.jpg 1280w, https:\/\/izgorsek.si\/wp-content\/uploads\/2023\/11\/DSC_5129-scaled.jpg 768w\"><noscript><img width=\"1280\" height=\"800\" src=\"https:\/\/izgorsek.si\/wp-content\/uploads\/2023\/11\/DSC_5129-scaled.jpg\" class=\"attachment-alpenhouse-medium size-alpenhouse-medium wp-post-image\" alt=\"\" decoding=\"async\" srcset=\"https:\/\/izgorsek.si\/wp-content\/uploads\/2023\/11\/DSC_5129-scaled.jpg 768w\" sizes=\"(max-width: 1280px) 100vw, 1280px\" \/><\/noscript>\t<\/a>\n\n\t<\/p>\n\n<div class=\"apart-content-wrapper\">\n<h2 class=\"mphb-room-type-title entry-title\">\n\n<a class=\"mphb-room-type-title\" href=\"https:\/\/izgorsek.si\/de\/unterkunfte\/apartmavasle\/\">Apartment Vasle<\/a>\n\n<\/h2>\n\n<p>Ger\u00e4umiges Apartment f\u00fcr einen angenehmen Aufenthalt f\u00fcr vier Personen.<\/p>\n\n\n<h3 class=\"mphb-room-type-details-title\">Details<\/h3><ul class=\"mphb-loop-room-type-attributes\">\n\n\n\t<li class=\"mphb-room-type-adults-capacity\"><span class=\"mphb-attribute-title mphb-adults-title\">Adults:<\/span><span class=\"mphb-attribute-value\">\n\t4\n\t<\/span><\/li>\n\n\n\n\t<li class=\"mphb-room-type-facilities\"><span class=\"mphb-attribute-title mphb-facilities-title\">Amenities:<\/span><span class=\"mphb-attribute-value\"> <span class=\"facility-klima\">AC<\/span>, <span class=\"facility-free-wi-fi\">Wi-Fi<\/span><\/span><\/li>\n\n\n\n\t<li class=\"mphb-room-type-view\"><span class=\"mphb-attribute-title mphb-view-title\">View:<\/span><span class=\"mphb-attribute-value\">\n\tBlick auf unseren botanischen Garten\n\t<\/span><\/li>\n\n\n\n\t<li class=\"mphb-room-type-size\"><span class=\"mphb-attribute-title mphb-size-title\">Size:<\/span><span class=\"mphb-attribute-value\">\n\t36m\u00b2\n\t<\/span><\/li>\n\n\n\t<li class=\"mphb-room-type-bed-type\"><span class=\"mphb-attribute-title mphb-bed-type-title\">Bed Type:<\/span><span class=\"mphb-attribute-value\">\n\t1 Doppelbett und 1 Ausziehbett f\u00fcr zwei Personen\n\t<\/span><\/li>\n\n\n\t<li class=\"mphb-room-type-categories\"><span class=\"mphb-attribute-title mphb-categories-title\">Categories:<\/span><span class=\"mphb-attribute-value\"> <span class=\"category-apartma\">apartma<\/span><\/span><\/li>\n\n<\/ul>\n<\/div>\n<div class=\"acc-buttons-wrap\">\n<p class=\"mphb-view-details-button-wrapper\">\n<a class=\"button mphb-view-details-button\" href=\"https:\/\/izgorsek.si\/de\/unterkunfte\/apartmavasle\/\">Mehr lesen<\/a>\n<\/p>\n<div class=\"mphb-to-book-btn-wrapper\">\n<a href=\"\/kontakt-2#Interesse an einer Reservierung - Apartma Vasle\" type=\"submit\" class=\"button mphb-book-button\">Reservieren<\/a>\n<br>\n<\/div>\n<\/div>\n\t\n<\/div>\n\n\n<div class=\"mphb-room-type post-99 mphb_room_type type-mphb_room_type status-publish has-post-thumbnail mphb_room_type_category-apartma mphb_room_type_facility-klima mphb_room_type_facility-free-wi-fi mphb-room-type-adults-4 mphb-room-type-children-0 \">\n\n\t\n\t\n\n\t<p class=\"post-thumbnail mphb-loop-room-thumbnail\">\n\t<a href=\"https:\/\/izgorsek.si\/de\/unterkunfte\/ramsak\/\">\n\t<img width=\"1280\" height=\"800\" alt=\"\" decoding=\"async\" data-srcset=\"https:\/\/izgorsek.si\/wp-content\/uploads\/2023\/11\/DSC_5158-scaled.jpg 1280w, https:\/\/izgorsek.si\/wp-content\/uploads\/2023\/11\/DSC_5158-scaled.jpg 768w\" data-src=\"https:\/\/izgorsek.si\/wp-content\/uploads\/2023\/11\/DSC_5158-scaled.jpg\" data-sizes=\"(max-width: 1280px) 100vw, 1280px\" class=\"attachment-alpenhouse-medium size-alpenhouse-medium wp-post-image lazyloaded\" src=\"https:\/\/izgorsek.si\/wp-content\/uploads\/2023\/11\/DSC_5158-scaled.jpg\" sizes=\"(max-width: 1280px) 100vw, 1280px\" srcset=\"https:\/\/izgorsek.si\/wp-content\/uploads\/2023\/11\/DSC_5158-scaled.jpg 1280w, https:\/\/izgorsek.si\/wp-content\/uploads\/2023\/11\/DSC_5158-scaled.jpg 768w\"><noscript><img width=\"1280\" height=\"800\" src=\"https:\/\/izgorsek.si\/wp-content\/uploads\/2023\/11\/DSC_5158-scaled.jpg\" class=\"attachment-alpenhouse-medium size-alpenhouse-medium wp-post-image\" alt=\"\" decoding=\"async\" srcset=\"https:\/\/izgorsek.si\/wp-content\/uploads\/2023\/11\/DSC_5158-scaled.jpg 1280w, https:\/\/izgorsek.si\/wp-content\/uploads\/2023\/11\/DSC_5158-scaled.jpg 768w\" sizes=\"(max-width: 1280px) 100vw, 1280px\" \/><\/noscript>\t<\/a>\n\n\t<\/p>\n\n<div class=\"apart-content-wrapper\">\n<h2 class=\"mphb-room-type-title entry-title\">\n\n<a class=\"mphb-room-type-title\" href=\"https:\/\/izgorsek.si\/de\/unterkunfte\/ramsak\/\">Apartment Ram\u0161ak<\/a>\n\n<\/h2>\n\n<p>Ger\u00e4umiges Apartment f\u00fcr einen angenehmen Aufenthalt f\u00fcr vier Personen.<\/p>\n\n\n<h3 class=\"mphb-room-type-details-title\">Details<\/h3><ul class=\"mphb-loop-room-type-attributes\">\n\n\n\t<li class=\"mphb-room-type-adults-capacity\"><span class=\"mphb-attribute-title mphb-adults-title\">Adults:<\/span><span class=\"mphb-attribute-value\">\n\t4\n\t<\/span><\/li>\n\n\n\n\t<li class=\"mphb-room-type-facilities\"><span class=\"mphb-attribute-title mphb-facilities-title\">Amenities:<\/span><span class=\"mphb-attribute-value\"> <span class=\"facility-klima\">AC<\/span>, <span class=\"facility-free-wi-fi\">Wi-Fi<\/span><\/span><\/li>\n\n\n\n\t<li class=\"mphb-room-type-view\"><span class=\"mphb-attribute-title mphb-view-title\">View:<\/span><span class=\"mphb-attribute-value\">\n\tBlick auf die umliegenden H\u00fcgel\n\t<\/span><\/li>\n\n\n\n\t<li class=\"mphb-room-type-size\"><span class=\"mphb-attribute-title mphb-size-title\">Size:<\/span><span class=\"mphb-attribute-value\">\n\t32m\u00b2\n\t<\/span><\/li>\n\n\n\t<li class=\"mphb-room-type-bed-type\"><span class=\"mphb-attribute-title mphb-bed-type-title\">Bed Type:<\/span><span class=\"mphb-attribute-value\">\n\t1 Doppelbett und 1 Ausziehbett f\u00fcr zwei Personen\n\t<\/span><\/li>\n\n\n\t<li class=\"mphb-room-type-categories\"><span class=\"mphb-attribute-title mphb-categories-title\">Categories:<\/span><span class=\"mphb-attribute-value\"> <span class=\"category-apartma\">apartma<\/span><\/span><\/li>\n\n<\/ul>\n<\/div>\n<div class=\"acc-buttons-wrap\">\n<p class=\"mphb-view-details-button-wrapper\">\n<a class=\"button mphb-view-details-button\" href=\"https:\/\/izgorsek.si\/de\/unterkunfte\/ramsak\/\">Mehr lesen<\/a>\n<\/p>\n<div class=\"mphb-to-book-btn-wrapper\">\n<a href=\"\/kontakt-2#Interesse an einer Reservierung - Apartma Ram\u0161ak\" type=\"submit\" class=\"button mphb-book-button\">Reservieren<\/a>\n<br>\n<\/div>\n<\/div>\n\t\n<\/div>\n\n\n<div class=\"mphb-room-type post-82 mphb_room_type type-mphb_room_type status-publish has-post-thumbnail mphb_room_type_category-apartma mphb_room_type_facility-klima mphb_room_type_facility-free-wi-fi mphb-room-type-adults-2 mphb-room-type-children-0 \">\n\n\t\n\t\n\n\t<p class=\"post-thumbnail mphb-loop-room-thumbnail\">\n\t<a href=\"https:\/\/izgorsek.si\/de\/unterkunfte\/apartmaoreh\/\">\n\t<img width=\"1280\" height=\"800\" alt=\"\" decoding=\"async\" data-srcset=\"https:\/\/izgorsek.si\/wp-content\/uploads\/2023\/11\/IMG_5333.jpg 1280w, https:\/\/izgorsek.si\/wp-content\/uploads\/2023\/11\/IMG_5333.jpg 768w\" data-src=\"https:\/\/izgorsek.si\/wp-content\/uploads\/2023\/11\/IMG_5333.jpg\" data-sizes=\"(max-width: 1280px) 100vw, 1280px\" class=\"attachment-alpenhouse-medium size-alpenhouse-medium wp-post-image ls-is-cached lazyloaded\" src=\"https:\/\/izgorsek.si\/wp-content\/uploads\/2023\/11\/IMG_5333.jpg\" sizes=\"(max-width: 1280px) 100vw, 1280px\" srcset=\"https:\/\/izgorsek.si\/wp-content\/uploads\/2023\/11\/IMG_5333.jpg 1280w, https:\/\/izgorsek.si\/wp-content\/uploads\/2023\/11\/IMG_5333.jpg 768w\"><noscript><img width=\"1280\" height=\"800\" src=\"https:\/\/izgorsek.si\/wp-content\/uploads\/2023\/11\/IMG_5333.jpg\" class=\"attachment-alpenhouse-medium size-alpenhouse-medium wp-post-image\" alt=\"\" decoding=\"async\" srcset=\"https:\/\/izgorsek.si\/wp-content\/uploads\/2023\/11\/IMG_5333.jpg 1280w, https:\/\/izgorsek.si\/wp-content\/uploads\/2023\/11\/IMG_5333.jpg 768w\" sizes=\"(max-width: 1280px) 100vw, 1280px\" \/><\/noscript>\t<\/a>\n\n\t<\/p>\n\t\n<div class=\"apart-content-wrapper\">\n\n<h2 class=\"mphb-room-type-title entry-title\">\n\n<a class=\"mphb-room-type-title\" href=\"https:\/\/izgorsek.si\/de\/unterkunfte\/apartmaoreh\/\">Apartment Oreh<\/a>\n\n<\/h2>\n\n<p>Apartment f\u00fcr die Verw\u00f6hnung von zwei Personen mit Sauna, Massagetisch und Balkon.<\/p>\n\n\n<h3 class=\"mphb-room-type-details-title\">Details<\/h3><ul class=\"mphb-loop-room-type-attributes\">\n\n\n\t<li class=\"mphb-room-type-adults-capacity\"><span class=\"mphb-attribute-title mphb-adults-title\">Adults:<\/span><span class=\"mphb-attribute-value\">\n\t2\n\t<\/span><\/li>\n\n\n\n\t<li class=\"mphb-room-type-facilities\"><span class=\"mphb-attribute-title mphb-facilities-title\">Amenities:<\/span><span class=\"mphb-attribute-value\"> <span class=\"facility-klima\">AC<\/span>, <span class=\"facility-free-wi-fi\">Wi-Fi<\/span><\/span><\/li>\n\n\n\n\t<li class=\"mphb-room-type-view\"><span class=\"mphb-attribute-title mphb-view-title\">View:<\/span><span class=\"mphb-attribute-value\">\n\tBlick auf unseren botanischen Garten\n\t<\/span><\/li>\n\n\n\n\t<li class=\"mphb-room-type-size\"><span class=\"mphb-attribute-title mphb-size-title\">Size:<\/span><span class=\"mphb-attribute-value\">\n\t39m\u00b2\n\t<\/span><\/li>\n\n\n\t<li class=\"mphb-room-type-bed-type\"><span class=\"mphb-attribute-title mphb-bed-type-title\">Bed Type:<\/span><span class=\"mphb-attribute-value\">\n\t1 Doppelbett\n\t<\/span><\/li>\n\n\n\t<li class=\"mphb-room-type-categories\"><span class=\"mphb-attribute-title mphb-categories-title\">Categories:<\/span><span class=\"mphb-attribute-value\"> <span class=\"category-apartma\">apartma<\/span><\/span><\/li>\n\n<\/ul>\n<\/div>\n<div class=\"acc-buttons-wrap\">\n<p class=\"mphb-view-details-button-wrapper\">\n<a class=\"button mphb-view-details-button\" href=\"https:\/\/izgorsek.si\/de\/unterkunfte\/apartmaoreh\/\">Mehr lesen<\/a>\n<\/p>\n<div class=\"mphb-to-book-btn-wrapper\">\n<a href=\"\/kontakt-2#Interesse an einer Reservierung - Apartma Oreh\" type=\"submit\" class=\"button mphb-book-button\">Reservieren<\/a>\n<br>\n<\/div>\n<\/div>\n\t\n<\/div>\n\n<\/div>\t\t<\/div>\n\t\t\t\t<\/div>\n\t\t\t\t\t<\/div>\n\t\t\t\t<\/div>\n\t\t<div class=\"elementor-element elementor-element-8ecbac9 e-flex e-con-boxed e-con e-parent\" data-id=\"8ecbac9\" data-element_type=\"container\" data-settings=\"{&quot;content_width&quot;:&quot;boxed&quot;}\" data-core-v316-plus=\"true\">\n\t\t\t\t\t<div class=\"e-con-inner\">\n\t\t<div class=\"elementor-element elementor-element-888fd9f e-con-full e-flex e-con e-child\" data-id=\"888fd9f\" data-element_type=\"container\" data-settings=\"{&quot;content_width&quot;:&quot;full&quot;}\">\n\t\t\t\t<div class=\"elementor-element elementor-element-9a232f3 elementor-widget elementor-widget-heading\" data-id=\"9a232f3\" data-element_type=\"widget\" data-widget_type=\"heading.default\">\n\t\t\t\t<div class=\"elementor-widget-container\">\n\t\t\t<h2 class=\"elementor-heading-title elementor-size-default\">Camping \u2013 Zeltplatz<\/h2>\t\t<\/div>\n\t\t\t\t<\/div>\n\t\t\t\t<div class=\"elementor-element elementor-element-3f6cbc5 elementor-widget elementor-widget-text-editor\" data-id=\"3f6cbc5\" data-element_type=\"widget\" data-widget_type=\"text-editor.default\">\n\t\t\t\t<div class=\"elementor-widget-container\">\n\t\t\t\t\t\t\t<p>Genie\u00dfen Sie die Reize des Campings auf unserem angenehmen Zeltplatz, der sich an einem idyllischen Standort auf unserem Bauernhof befindet. Dieser kleinere Zeltplatz ist der perfekte Ort, um sich zu entspannen und die Natur zu genie\u00dfen.<\/p>\t\t\t\t\t\t<\/div>\n\t\t\t\t<\/div>\n\t\t\t\t<\/div>\n\t\t<div class=\"elementor-element elementor-element-b5f47e2 e-con-full e-flex e-con e-child\" data-id=\"b5f47e2\" data-element_type=\"container\" data-settings=\"{&quot;content_width&quot;:&quot;full&quot;}\">\n\t\t<div class=\"elementor-element elementor-element-1c2f74c e-con-full e-flex e-con e-child\" data-id=\"1c2f74c\" data-element_type=\"container\" data-settings=\"{&quot;content_width&quot;:&quot;full&quot;}\">\n\t\t\t\t<div class=\"elementor-element elementor-element-cf3f594 elementor-widget elementor-widget-image\" data-id=\"cf3f594\" data-element_type=\"widget\" data-widget_type=\"image.default\">\n\t\t\t\t<div class=\"elementor-widget-container\">\n\t\t\t\t\t\t\t\t\t\t\t\t\t\t\t<img decoding=\"async\" width=\"768\" height=\"480\" data-src=\"https:\/\/izgorsek.si\/wp-content\/uploads\/2023\/11\/DSC01739-768x480.jpg\" class=\"attachment-alpenhouse-post-thumbnail-cropped size-alpenhouse-post-thumbnail-cropped wp-image-2565 lazyload\" alt=\"\" data-srcset=\"https:\/\/izgorsek.si\/wp-content\/uploads\/2023\/11\/DSC01739-768x480.jpg 768w, https:\/\/izgorsek.si\/wp-content\/uploads\/2023\/11\/DSC01739-1280x800.jpg 1280w\" data-sizes=\"(max-width: 768px) 100vw, 768px\" src=\"data:image\/svg+xml;base64,PHN2ZyB3aWR0aD0iMSIgaGVpZ2h0PSIxIiB4bWxucz0iaHR0cDovL3d3dy53My5vcmcvMjAwMC9zdmciPjwvc3ZnPg==\" style=\"--smush-placeholder-width: 768px; --smush-placeholder-aspect-ratio: 768\/480;\" \/>\t\t\t\t\t\t\t\t\t\t\t\t\t\t\t<\/div>\n\t\t\t\t<\/div>\n\t\t\t\t<\/div>\n\t\t<div class=\"elementor-element elementor-element-98d5b22 e-con-full e-flex e-con e-child\" data-id=\"98d5b22\" data-element_type=\"container\" data-settings=\"{&quot;content_width&quot;:&quot;full&quot;}\">\n\t\t\t\t<div class=\"elementor-element elementor-element-5afe0ae elementor-widget elementor-widget-image\" data-id=\"5afe0ae\" data-element_type=\"widget\" data-widget_type=\"image.default\">\n\t\t\t\t<div class=\"elementor-widget-container\">\n\t\t\t\t\t\t\t\t\t\t\t\t\t\t\t<img decoding=\"async\" width=\"768\" height=\"480\" data-src=\"https:\/\/izgorsek.si\/wp-content\/uploads\/2023\/11\/DSC01750-768x480.jpg\" class=\"attachment-alpenhouse-post-thumbnail-cropped size-alpenhouse-post-thumbnail-cropped wp-image-2568 lazyload\" alt=\"\" data-srcset=\"https:\/\/izgorsek.si\/wp-content\/uploads\/2023\/11\/DSC01750-768x480.jpg 768w, https:\/\/izgorsek.si\/wp-content\/uploads\/2023\/11\/DSC01750-1280x800.jpg 1280w\" data-sizes=\"(max-width: 768px) 100vw, 768px\" src=\"data:image\/svg+xml;base64,PHN2ZyB3aWR0aD0iMSIgaGVpZ2h0PSIxIiB4bWxucz0iaHR0cDovL3d3dy53My5vcmcvMjAwMC9zdmciPjwvc3ZnPg==\" style=\"--smush-placeholder-width: 768px; --smush-placeholder-aspect-ratio: 768\/480;\" \/>\t\t\t\t\t\t\t\t\t\t\t\t\t\t\t<\/div>\n\t\t\t\t<\/div>\n\t\t\t\t<\/div>\n\t\t\t\t<\/div>\n\t\t\t\t\t<\/div>\n\t\t\t\t<\/div>\n\t\t<div class=\"elementor-element elementor-element-3e0c5f0 e-flex e-con-boxed e-con e-child\" data-id=\"3e0c5f0\" data-element_type=\"container\" data-settings=\"{&quot;content_width&quot;:&quot;boxed&quot;}\">\n\t\t\t\t\t<div class=\"e-con-inner\">\n\t\t\t\t<div class=\"elementor-element elementor-element-3ac2921 elementor-widget elementor-widget-heading\" data-id=\"3ac2921\" data-element_type=\"widget\" data-widget_type=\"heading.default\">\n\t\t\t\t<div class=\"elementor-widget-container\">\n\t\t\t<h2 class=\"elementor-heading-title elementor-size-default\">Galerie der Umgebung<\/h2>\t\t<\/div>\n\t\t\t\t<\/div>\n\t\t\t\t<div class=\"elementor-element elementor-element-dca65fb elementor-widget elementor-widget-text-editor\" data-id=\"dca65fb\" data-element_type=\"widget\" data-widget_type=\"text-editor.default\">\n\t\t\t\t<div class=\"elementor-widget-container\">\n\t\t\t\t\t\t\t<p>Von gr\u00fcnen Wiesen bis zu Waldwegen bietet unsere Umgebung bezaubernde Ausblicke und ein ruhiges Refugium f\u00fcr Naturliebhaber.<\/p>\t\t\t\t\t\t<\/div>\n\t\t\t\t<\/div>\n\t\t\t\t\t<\/div>\n\t\t\t\t<\/div>\n\t\t<div class=\"elementor-element elementor-element-bfd1ca0 e-flex e-con-boxed e-con e-parent\" data-id=\"bfd1ca0\" data-element_type=\"container\" data-settings=\"{&quot;content_width&quot;:&quot;boxed&quot;}\" data-core-v316-plus=\"true\">\n\t\t\t\t\t<div class=\"e-con-inner\">\n\t\t\t\t<div class=\"elementor-element elementor-element-9aad648 elementor-widget elementor-widget-gallery\" data-id=\"9aad648\" data-element_type=\"widget\" data-settings=\"{&quot;columns&quot;:3,&quot;columns_mobile&quot;:2,&quot;gap&quot;:{&quot;unit&quot;:&quot;px&quot;,&quot;size&quot;:32,&quot;sizes&quot;:[]},&quot;lazyload&quot;:&quot;yes&quot;,&quot;gallery_layout&quot;:&quot;grid&quot;,&quot;columns_tablet&quot;:2,&quot;gap_tablet&quot;:{&quot;unit&quot;:&quot;px&quot;,&quot;size&quot;:10,&quot;sizes&quot;:[]},&quot;gap_mobile&quot;:{&quot;unit&quot;:&quot;px&quot;,&quot;size&quot;:10,&quot;sizes&quot;:[]},&quot;link_to&quot;:&quot;file&quot;,&quot;aspect_ratio&quot;:&quot;3:2&quot;,&quot;content_hover_animation&quot;:&quot;fade-in&quot;}\" data-widget_type=\"gallery.default\">\n\t\t\t\t<div class=\"elementor-widget-container\">\n\t\t\t\t\t<div class=\"elementor-gallery__container\">\n\t\t\t\t\t\t\t<a class=\"e-gallery-item elementor-gallery-item elementor-animated-content\" href=\"https:\/\/izgorsek.si\/wp-content\/uploads\/2023\/11\/DSC00032-scaled.jpg\" data-elementor-open-lightbox=\"yes\" data-elementor-lightbox-slideshow=\"9aad648\" data-elementor-lightbox-title=\"DSC00032\" data-e-action-hash=\"#elementor-action%3Aaction%3Dlightbox%26settings%3DeyJpZCI6MjMwMCwidXJsIjoiaHR0cHM6XC9cL2l6Z29yc2VrLnNpXC93cC1jb250ZW50XC91cGxvYWRzXC8yMDIzXC8xMVwvRFNDMDAwMzItc2NhbGVkLmpwZyIsInNsaWRlc2hvdyI6IjlhYWQ2NDgifQ%3D%3D\">\n\t\t\t\t\t<div class=\"e-gallery-image elementor-gallery-item__image\" data-thumbnail=\"https:\/\/izgorsek.si\/wp-content\/uploads\/2023\/11\/DSC00032-300x225.jpg\" data-width=\"300\" data-height=\"225\" aria-label=\"Vrt in okolica\n\" role=\"img\" ><\/div>\n\t\t\t\t\t\t\t\t\t\t\t\t\t\t<\/a>\n\t\t\t\t\t\t\t<a class=\"e-gallery-item elementor-gallery-item elementor-animated-content\" href=\"https:\/\/izgorsek.si\/wp-content\/uploads\/2023\/11\/DSC00338-scaled.jpg\" data-elementor-open-lightbox=\"yes\" data-elementor-lightbox-slideshow=\"9aad648\" data-elementor-lightbox-title=\"DSC00338\" data-e-action-hash=\"#elementor-action%3Aaction%3Dlightbox%26settings%3DeyJpZCI6MjMwMywidXJsIjoiaHR0cHM6XC9cL2l6Z29yc2VrLnNpXC93cC1jb250ZW50XC91cGxvYWRzXC8yMDIzXC8xMVwvRFNDMDAzMzgtc2NhbGVkLmpwZyIsInNsaWRlc2hvdyI6IjlhYWQ2NDgifQ%3D%3D\">\n\t\t\t\t\t<div class=\"e-gallery-image elementor-gallery-item__image\" data-thumbnail=\"https:\/\/izgorsek.si\/wp-content\/uploads\/2023\/11\/DSC00338-300x225.jpg\" data-width=\"300\" data-height=\"225\" aria-label=\"Vrt in okolica z\" role=\"img\" ><\/div>\n\t\t\t\t\t\t\t\t\t\t\t\t\t\t<\/a>\n\t\t\t\t\t\t\t<a class=\"e-gallery-item elementor-gallery-item elementor-animated-content\" href=\"https:\/\/izgorsek.si\/wp-content\/uploads\/2023\/11\/IMG_5805.jpg\" data-elementor-open-lightbox=\"yes\" data-elementor-lightbox-slideshow=\"9aad648\" data-elementor-lightbox-title=\"IMG_5805\" data-e-action-hash=\"#elementor-action%3Aaction%3Dlightbox%26settings%3DeyJpZCI6MjMwNiwidXJsIjoiaHR0cHM6XC9cL2l6Z29yc2VrLnNpXC93cC1jb250ZW50XC91cGxvYWRzXC8yMDIzXC8xMVwvSU1HXzU4MDUuanBnIiwic2xpZGVzaG93IjoiOWFhZDY0OCJ9\">\n\t\t\t\t\t<div class=\"e-gallery-image elementor-gallery-item__image\" data-thumbnail=\"https:\/\/izgorsek.si\/wp-content\/uploads\/2023\/11\/IMG_5805-300x225.jpg\" data-width=\"300\" data-height=\"225\" aria-label=\"Vrt in okolica, prostor za sprehod\n\" role=\"img\" ><\/div>\n\t\t\t\t\t\t\t\t\t\t\t\t\t\t<\/a>\n\t\t\t\t\t\t\t<a class=\"e-gallery-item elementor-gallery-item elementor-animated-content\" href=\"https:\/\/izgorsek.si\/wp-content\/uploads\/2023\/06\/DSC02982-scaled.jpg\" data-elementor-open-lightbox=\"yes\" data-elementor-lightbox-slideshow=\"9aad648\" data-elementor-lightbox-title=\"DSC02982\" data-e-action-hash=\"#elementor-action%3Aaction%3Dlightbox%26settings%3DeyJpZCI6MjAwMywidXJsIjoiaHR0cHM6XC9cL2l6Z29yc2VrLnNpXC93cC1jb250ZW50XC91cGxvYWRzXC8yMDIzXC8wNlwvRFNDMDI5ODItc2NhbGVkLmpwZyIsInNsaWRlc2hvdyI6IjlhYWQ2NDgifQ%3D%3D\">\n\t\t\t\t\t<div class=\"e-gallery-image elementor-gallery-item__image\" data-thumbnail=\"https:\/\/izgorsek.si\/wp-content\/uploads\/2023\/06\/DSC02982-300x225.jpg\" data-width=\"300\" data-height=\"225\" aria-label=\"Vrt in okolica, prostor za zunanje dogodke\" role=\"img\" ><\/div>\n\t\t\t\t\t\t\t\t\t\t\t\t\t\t<\/a>\n\t\t\t\t\t\t\t<a class=\"e-gallery-item elementor-gallery-item elementor-animated-content\" href=\"https:\/\/izgorsek.si\/wp-content\/uploads\/2023\/03\/AR_mala_573A4154.jpg\" data-elementor-open-lightbox=\"yes\" data-elementor-lightbox-slideshow=\"9aad648\" data-elementor-lightbox-title=\"AR_mala_573A4154\" data-e-action-hash=\"#elementor-action%3Aaction%3Dlightbox%26settings%3DeyJpZCI6MTkyNywidXJsIjoiaHR0cHM6XC9cL2l6Z29yc2VrLnNpXC93cC1jb250ZW50XC91cGxvYWRzXC8yMDIzXC8wM1wvQVJfbWFsYV81NzNBNDE1NC5qcGciLCJzbGlkZXNob3ciOiI5YWFkNjQ4In0%3D\">\n\t\t\t\t\t<div class=\"e-gallery-image elementor-gallery-item__image\" data-thumbnail=\"https:\/\/izgorsek.si\/wp-content\/uploads\/2023\/03\/AR_mala_573A4154-200x300.jpg\" data-width=\"200\" data-height=\"300\" aria-label=\"Vrt in okolica, sadovnjak\" role=\"img\" ><\/div>\n\t\t\t\t\t\t\t\t\t\t\t\t\t\t<\/a>\n\t\t\t\t\t<\/div>\n\t\t\t<\/div>\n\t\t\t\t<\/div>\n\t\t\t\t\t<\/div>\n\t\t\t\t<\/div>\n\t\t\t\t\t\t\t<\/div>\n\t\t","protected":false},"excerpt":{"rendered":"<p>Unterkunftsangebot Unser Angebot umfasst drei wundersch\u00f6n eingerichtete Apartments \u2013 Ram\u0161ak, Vasle und Oreh, die perfekt sind, um sich zu entspannen und die Ruhe der Natur zu genie\u00dfen. Jedes Apartment ist einzigartig gestaltet, um eine warme und heimelige Atmosph\u00e4re zu bieten. Dar\u00fcber hinaus bieten wir auch die M\u00f6glichkeit zum Camping auf unserem wundersch\u00f6nen Zeltplatz, wo Sie [&hellip;]<\/p>\n","protected":false},"author":1,"featured_media":0,"parent":0,"menu_order":0,"comment_status":"closed","ping_status":"closed","template":"template-full-width.php","meta":{"_acf_changed":false,"footnotes":""},"class_list":["post-1597","page","type-page","status-publish","hentry"],"acf":[],"_links":{"self":[{"href":"https:\/\/izgorsek.si\/de\/wp-json\/wp\/v2\/pages\/1597","targetHints":{"allow":["GET"]}}],"collection":[{"href":"https:\/\/izgorsek.si\/de\/wp-json\/wp\/v2\/pages"}],"about":[{"href":"https:\/\/izgorsek.si\/de\/wp-json\/wp\/v2\/types\/page"}],"author":[{"embeddable":true,"href":"https:\/\/izgorsek.si\/de\/wp-json\/wp\/v2\/users\/1"}],"replies":[{"embeddable":true,"href":"https:\/\/izgorsek.si\/de\/wp-json\/wp\/v2\/comments?post=1597"}],"version-history":[{"count":30,"href":"https:\/\/izgorsek.si\/de\/wp-json\/wp\/v2\/pages\/1597\/revisions"}],"predecessor-version":[{"id":3196,"href":"https:\/\/izgorsek.si\/de\/wp-json\/wp\/v2\/pages\/1597\/revisions\/3196"}],"wp:attachment":[{"href":"https:\/\/izgorsek.si\/de\/wp-json\/wp\/v2\/media?parent=1597"}],"curies":[{"name":"wp","href":"https:\/\/api.w.org\/{rel}","templated":true}]}}