{"id":3077,"date":"2023-12-18T16:57:43","date_gmt":"2023-12-18T15:57:43","guid":{"rendered":"https:\/\/izgorsek.si\/teambuilding\/"},"modified":"2023-12-18T16:57:44","modified_gmt":"2023-12-18T15:57:44","slug":"teambuilding","status":"publish","type":"page","link":"https:\/\/izgorsek.si\/de\/teambuilding\/","title":{"rendered":"Teambuilding"},"content":{"rendered":"\t\t<div data-elementor-type=\"wp-page\" data-elementor-id=\"3077\" class=\"elementor elementor-3077 elementor-2660\" data-elementor-post-type=\"page\">\n\t\t\t\t\t\t\t<div class=\"elementor-element elementor-element-ccff726 e-flex e-con-boxed e-con e-parent\" data-id=\"ccff726\" data-element_type=\"container\" data-settings=\"{&quot;content_width&quot;:&quot;boxed&quot;}\" data-core-v316-plus=\"true\">\n\t\t\t\t\t<div class=\"e-con-inner\">\n\t\t<div class=\"elementor-element elementor-element-a25dbc4 e-con-full e-flex e-con e-child\" data-id=\"a25dbc4\" data-element_type=\"container\" data-settings=\"{&quot;content_width&quot;:&quot;full&quot;}\">\n\t\t\t\t<div class=\"elementor-element elementor-element-edd2810 elementor-widget elementor-widget-heading\" data-id=\"edd2810\" data-element_type=\"widget\" data-widget_type=\"heading.default\">\n\t\t\t\t<div class=\"elementor-widget-container\">\n\t\t\t<h2 class=\"elementor-heading-title elementor-size-default\">Tag zur Gesundheitsf\u00f6rderung<\/h2>\t\t<\/div>\n\t\t\t\t<\/div>\n\t\t\t\t<div class=\"elementor-element elementor-element-9cb845a elementor-widget elementor-widget-text-editor\" data-id=\"9cb845a\" data-element_type=\"widget\" data-widget_type=\"text-editor.default\">\n\t\t\t\t<div class=\"elementor-widget-container\">\n\t\t\t\t\t\t\t<p>Am leicht h\u00fcgeligen, grasbewachsenen Waldhang des Weilers Velika hosta, auf der Nordseite des Zasavje-H\u00fcgellandes, befindet sich der Touristische Bauernhof Izgor\u0161ek. Neben der Vermietung von Apartments besch\u00e4ftigen wir uns aktiv mit dem Bogenschie\u00dfen.<\/p>\n<p>Sie sind herzlich eingeladen, einen aktiven Tag mit Ihren Kollegen im Frieden und in der K\u00fchle des gr\u00fcnen Waldes zu verbringen, mit B\u00f6gen in den H\u00e4nden&#8230;<\/p>\n\t\t\t\t\t\t<\/div>\n\t\t\t\t<\/div>\n\t\t\t\t<\/div>\n\t\t\t\t\t<\/div>\n\t\t\t\t<\/div>\n\t\t<div class=\"elementor-element elementor-element-a52adf4 e-flex e-con-boxed e-con e-parent\" data-id=\"a52adf4\" data-element_type=\"container\" data-settings=\"{&quot;content_width&quot;:&quot;boxed&quot;}\" data-core-v316-plus=\"true\">\n\t\t\t\t\t<div class=\"e-con-inner\">\n\t\t<div class=\"elementor-element elementor-element-04bcb8d e-con-full e-flex e-con e-child\" data-id=\"04bcb8d\" data-element_type=\"container\" data-settings=\"{&quot;content_width&quot;:&quot;full&quot;}\">\n\t\t\t\t<div class=\"elementor-element elementor-element-7e7665b elementor-widget elementor-widget-heading\" data-id=\"7e7665b\" data-element_type=\"widget\" data-widget_type=\"heading.default\">\n\t\t\t\t<div class=\"elementor-widget-container\">\n\t\t\t<h2 class=\"elementor-heading-title elementor-size-default\">Was bieten wir Ihnen an?<\/h2>\t\t<\/div>\n\t\t\t\t<\/div>\n\t\t\t\t<\/div>\n\t\t<div class=\"elementor-element elementor-element-d950d26 e-con-full e-flex e-con e-child\" data-id=\"d950d26\" data-element_type=\"container\" data-settings=\"{&quot;content_width&quot;:&quot;full&quot;}\">\n\t\t<div class=\"elementor-element elementor-element-68b2ce5 e-con-full e-flex e-con e-child\" data-id=\"68b2ce5\" data-element_type=\"container\" data-settings=\"{&quot;content_width&quot;:&quot;full&quot;}\">\n\t\t\t\t<div class=\"elementor-element elementor-element-80ca071 elementor-widget-mobile__width-auto elementor-widget elementor-widget-text-editor\" data-id=\"80ca071\" data-element_type=\"widget\" data-widget_type=\"text-editor.default\">\n\t\t\t\t<div class=\"elementor-widget-container\">\n\t\t\t\t\t\t\t<p><b>Ankunft<\/b>: Bei Ihrer Ankunft auf unserem kleinen Bauernhof servieren wir Ihnen Kaffee und Tee aus unseren Kr\u00e4utern und Potica aus dem Brotbackofen.<\/p>\n<p><b>Fr\u00fchst\u00fcck<\/b>: W\u00e4hrend eines kurzen Fr\u00fchst\u00fccks erfahren Sie etwas \u00fcber die Geschichte des Bogenschie\u00dfens und die heutige Nutzung des Bogens und wir stellen Ihnen verschiedene Bogenstile vor.<\/p>\n<p><b>Aufw\u00e4rmen<\/b>: Es folgt ein gemeinsames Muskeldehnen. Auf unserer Wiese sind einige Ziele f\u00fcr das Erlernen der praktischen Grundlagen des Bogenschie\u00dfens aufgestellt.<\/p>\n<p><b>Freundschaftswettkampf<\/b>: Jeder Teilnehmer hat einige Sch\u00fcsse zum Aufw\u00e4rmen zur Verf\u00fcgung. Anschlie\u00dfend teilen wir Sie in kleinere Gruppen auf und Sie beginnen mit einem Ausscheidungswettkampf&#8230; bis wir die Besten ermitteln&#8230;<\/p>\n<p><b>Mittagessen<\/b>: Es folgt die Mittagspause \u2013 normalerweise gibt es etwas Fleischiges und Gem\u00fcse aus dem Brotbackofen + Brot oder Braten mit Gem\u00fcse + Brot. Nach Vereinbarung.<\/p>\n<p><b>Jagd<\/b>: Nach dem Mittagessen gehen wir mit den B\u00f6gen in den Wald, um auf 3D-Tiermodelle mit 24 Zielen zu schie\u00dfen. Sie wandern durch unebenes Gel\u00e4nde und probieren sich in der Nachahmung der Jagd aus. <\/p>\n<p>Nach Ihrer R\u00fcckkehr aus dem Wald werden Sie angenehm m\u00fcde, aber zufrieden sein. Sie werden noch einen duftenden Kaffee und etwas S\u00fc\u00dfes aus unserer K\u00fcche ben\u00f6tigen.<\/p>\n<p><b>Ergebnisse und Abschluss<\/b>: Ihr Bogenschie\u00dferlebnis geht zu Ende und es folgt nur noch die Bekanntgabe der besten Teams.<\/p>\n<p>Alle Aktivit\u00e4ten finden unter den wachsamen Augen erfahrener Bogensch\u00fctzen statt.<\/p>\n\t\t\t\t\t\t<\/div>\n\t\t\t\t<\/div>\n\t\t\t\t<\/div>\n\t\t<div class=\"elementor-element elementor-element-ca9ead0 e-con-full e-flex e-con e-child\" data-id=\"ca9ead0\" data-element_type=\"container\" data-settings=\"{&quot;content_width&quot;:&quot;full&quot;}\">\n\t\t\t\t<div class=\"elementor-element elementor-element-8dea173 elementor-widget elementor-widget-image\" data-id=\"8dea173\" data-element_type=\"widget\" data-widget_type=\"image.default\">\n\t\t\t\t<div class=\"elementor-widget-container\">\n\t\t\t\t\t\t\t\t\t\t\t\t\t\t\t<img decoding=\"async\" width=\"768\" height=\"480\" data-src=\"https:\/\/izgorsek.si\/wp-content\/uploads\/2023\/11\/lokostrelstvo_thumbnail_home-768x480.png\" class=\"attachment-alpenhouse-post-thumbnail-cropped size-alpenhouse-post-thumbnail-cropped wp-image-2158 lazyload\" alt=\"\" data-srcset=\"https:\/\/izgorsek.si\/wp-content\/uploads\/2023\/11\/lokostrelstvo_thumbnail_home-768x480.png 768w, https:\/\/izgorsek.si\/wp-content\/uploads\/2023\/11\/lokostrelstvo_thumbnail_home-1280x800.png 1280w\" data-sizes=\"(max-width: 768px) 100vw, 768px\" src=\"data:image\/svg+xml;base64,PHN2ZyB3aWR0aD0iMSIgaGVpZ2h0PSIxIiB4bWxucz0iaHR0cDovL3d3dy53My5vcmcvMjAwMC9zdmciPjwvc3ZnPg==\" style=\"--smush-placeholder-width: 768px; --smush-placeholder-aspect-ratio: 768\/480;\" \/>\t\t\t\t\t\t\t\t\t\t\t\t\t\t\t<\/div>\n\t\t\t\t<\/div>\n\t\t\t\t<div class=\"elementor-element elementor-element-033db0e elementor-widget elementor-widget-image\" data-id=\"033db0e\" data-element_type=\"widget\" data-widget_type=\"image.default\">\n\t\t\t\t<div class=\"elementor-widget-container\">\n\t\t\t\t\t\t\t\t\t\t\t\t\t\t\t<img decoding=\"async\" width=\"768\" height=\"480\" data-src=\"https:\/\/izgorsek.si\/wp-content\/uploads\/2023\/11\/DSC_5148-768x480.jpg\" class=\"attachment-alpenhouse-post-thumbnail-cropped size-alpenhouse-post-thumbnail-cropped wp-image-2597 lazyload\" alt=\"\" data-srcset=\"https:\/\/izgorsek.si\/wp-content\/uploads\/2023\/11\/DSC_5148-768x480.jpg 768w, https:\/\/izgorsek.si\/wp-content\/uploads\/2023\/11\/DSC_5148-1280x800.jpg 1280w\" data-sizes=\"(max-width: 768px) 100vw, 768px\" src=\"data:image\/svg+xml;base64,PHN2ZyB3aWR0aD0iMSIgaGVpZ2h0PSIxIiB4bWxucz0iaHR0cDovL3d3dy53My5vcmcvMjAwMC9zdmciPjwvc3ZnPg==\" style=\"--smush-placeholder-width: 768px; --smush-placeholder-aspect-ratio: 768\/480;\" \/>\t\t\t\t\t\t\t\t\t\t\t\t\t\t\t<\/div>\n\t\t\t\t<\/div>\n\t\t\t\t<\/div>\n\t\t\t\t<\/div>\n\t\t\t\t\t<\/div>\n\t\t\t\t<\/div>\n\t\t<div class=\"elementor-element elementor-element-98add11 e-flex e-con-boxed e-con e-parent\" data-id=\"98add11\" data-element_type=\"container\" data-settings=\"{&quot;content_width&quot;:&quot;boxed&quot;}\" data-core-v316-plus=\"true\">\n\t\t\t\t\t<div class=\"e-con-inner\">\n\t\t<div class=\"elementor-element elementor-element-002ea1b e-con-full e-flex e-con e-child\" data-id=\"002ea1b\" data-element_type=\"container\" data-settings=\"{&quot;content_width&quot;:&quot;full&quot;}\">\n\t\t\t\t<div class=\"elementor-element elementor-element-35df475 elementor-widget elementor-widget-heading\" data-id=\"35df475\" data-element_type=\"widget\" data-widget_type=\"heading.default\">\n\t\t\t\t<div class=\"elementor-widget-container\">\n\t\t\t<h2 class=\"elementor-heading-title elementor-size-default\">Haben wir Sie mit dieser Idee begeistert?<\/h2>\t\t<\/div>\n\t\t\t\t<\/div>\n\t\t\t\t<\/div>\n\t\t\t\t\t<\/div>\n\t\t\t\t<\/div>\n\t\t<div class=\"elementor-element elementor-element-cb9910d e-flex e-con-boxed e-con e-parent\" data-id=\"cb9910d\" data-element_type=\"container\" data-settings=\"{&quot;content_width&quot;:&quot;boxed&quot;}\" data-core-v316-plus=\"true\">\n\t\t\t\t\t<div class=\"e-con-inner\">\n\t\t<div class=\"elementor-element elementor-element-18eb914 e-con-full e-flex e-con e-child\" data-id=\"18eb914\" data-element_type=\"container\" data-settings=\"{&quot;content_width&quot;:&quot;full&quot;}\">\n\t\t\t\t<div class=\"elementor-element elementor-element-6717996 elementor-view-default elementor-position-top elementor-mobile-position-top elementor-widget elementor-widget-icon-box\" data-id=\"6717996\" data-element_type=\"widget\" data-widget_type=\"icon-box.default\">\n\t\t\t\t<div class=\"elementor-widget-container\">\n\t\t\t\t\t<div class=\"elementor-icon-box-wrapper\">\n\t\t\t\t\t\t<div class=\"elementor-icon-box-icon\">\n\t\t\t\t<span  class=\"elementor-icon elementor-animation-\">\n\t\t\t\t<i aria-hidden=\"true\" class=\"fas fa-envelope\"><\/i>\t\t\t\t<\/span>\n\t\t\t<\/div>\n\t\t\t\t\t\t<div class=\"elementor-icon-box-content\">\n\t\t\t\t<h3 class=\"elementor-icon-box-title\">\n\t\t\t\t\t<span  >\n\t\t\t\t\t\tEmail\t\t\t\t\t<\/span>\n\t\t\t\t<\/h3>\n\t\t\t\t\t\t\t\t\t<p class=\"elementor-icon-box-description\">\n\t\t\t\t\t\tSchreiben Sie uns, um gemeinsam Ihren perfekten Ausflug in die Natur zu gestalten \u2013 wir antworten schnell und gerne.\t\t\t\t\t<\/p>\n\t\t\t\t\t\t\t<\/div>\n\t\t<\/div>\n\t\t\t\t<\/div>\n\t\t\t\t<\/div>\n\t\t\t\t<div class=\"elementor-element elementor-element-b565e59 elementor-widget elementor-widget-text-editor\" data-id=\"b565e59\" data-element_type=\"widget\" data-widget_type=\"text-editor.default\">\n\t\t\t\t<div class=\"elementor-widget-container\">\n\t\t\t\t\t\t\t<p><a href=\"mailto:info@izgorsek.si\"><span style=\"text-decoration: underline;\">info@izgorsek.si<\/span><\/a><\/p>\n\t\t\t\t\t\t<\/div>\n\t\t\t\t<\/div>\n\t\t\t\t<\/div>\n\t\t<div class=\"elementor-element elementor-element-c716302 e-con-full e-flex e-con e-child\" data-id=\"c716302\" data-element_type=\"container\" data-settings=\"{&quot;content_width&quot;:&quot;full&quot;}\">\n\t\t\t\t<div class=\"elementor-element elementor-element-184470d elementor-view-default elementor-position-top elementor-mobile-position-top elementor-widget elementor-widget-icon-box\" data-id=\"184470d\" data-element_type=\"widget\" data-widget_type=\"icon-box.default\">\n\t\t\t\t<div class=\"elementor-widget-container\">\n\t\t\t\t\t<div class=\"elementor-icon-box-wrapper\">\n\t\t\t\t\t\t<div class=\"elementor-icon-box-icon\">\n\t\t\t\t<span  class=\"elementor-icon elementor-animation-\">\n\t\t\t\t<i aria-hidden=\"true\" class=\"fas fa-phone-alt\"><\/i>\t\t\t\t<\/span>\n\t\t\t<\/div>\n\t\t\t\t\t\t<div class=\"elementor-icon-box-content\">\n\t\t\t\t<h3 class=\"elementor-icon-box-title\">\n\t\t\t\t\t<span  >\n\t\t\t\t\t\tTelefon\t\t\t\t\t<\/span>\n\t\t\t\t<\/h3>\n\t\t\t\t\t\t\t\t\t<p class=\"elementor-icon-box-description\">\n\t\t\t\t\t\tRufen Sie uns an f\u00fcr sofortige Unterst\u00fctzung oder um Ihre n\u00e4chste Abenteuerreise zu buchen.\t\t\t\t\t<\/p>\n\t\t\t\t\t\t\t<\/div>\n\t\t<\/div>\n\t\t\t\t<\/div>\n\t\t\t\t<\/div>\n\t\t\t\t<div class=\"elementor-element elementor-element-9e9e0c8 elementor-widget elementor-widget-text-editor\" data-id=\"9e9e0c8\" data-element_type=\"widget\" data-widget_type=\"text-editor.default\">\n\t\t\t\t<div class=\"elementor-widget-container\">\n\t\t\t\t\t\t\t<p><span style=\"text-decoration: underline;\"><a href=\"tel:+38641970036\">+386 (0)41 970 036<\/a><\/span> &#8211; Andreja<\/p>\n<p> <a href=\"tel:+38640662671\"><span style=\"text-decoration: underline;\">+386 (0)40 662 671<\/span><\/a> &#8211; Marjan<\/p>\n\t\t\t\t\t\t<\/div>\n\t\t\t\t<\/div>\n\t\t\t\t<\/div>\n\t\t<div class=\"elementor-element elementor-element-b165066 e-con-full e-flex e-con e-child\" data-id=\"b165066\" data-element_type=\"container\" data-settings=\"{&quot;content_width&quot;:&quot;full&quot;}\">\n\t\t\t\t<div class=\"elementor-element elementor-element-21ad281 elementor-view-default elementor-position-top elementor-mobile-position-top elementor-widget elementor-widget-icon-box\" data-id=\"21ad281\" data-element_type=\"widget\" data-widget_type=\"icon-box.default\">\n\t\t\t\t<div class=\"elementor-widget-container\">\n\t\t\t\t\t<div class=\"elementor-icon-box-wrapper\">\n\t\t\t\t\t\t<div class=\"elementor-icon-box-icon\">\n\t\t\t\t<span  class=\"elementor-icon elementor-animation-\">\n\t\t\t\t<i aria-hidden=\"true\" class=\"fas fa-map-marker-alt\"><\/i>\t\t\t\t<\/span>\n\t\t\t<\/div>\n\t\t\t\t\t\t<div class=\"elementor-icon-box-content\">\n\t\t\t\t<h3 class=\"elementor-icon-box-title\">\n\t\t\t\t\t<span  >\n\t\t\t\t\t\tStandort\t\t\t\t\t<\/span>\n\t\t\t\t<\/h3>\n\t\t\t\t\t\t\t\t\t<p class=\"elementor-icon-box-description\">\n\t\t\t\t\t\tBesuchen Sie uns und erleben Sie den Zauber unseres Bauernhofs \u2013 wo Natur auf Gastfreundschaft trifft.\t\t\t\t\t<\/p>\n\t\t\t\t\t\t\t<\/div>\n\t\t<\/div>\n\t\t\t\t<\/div>\n\t\t\t\t<\/div>\n\t\t\t\t<div class=\"elementor-element elementor-element-c65a48a elementor-widget elementor-widget-text-editor\" data-id=\"c65a48a\" data-element_type=\"widget\" data-widget_type=\"text-editor.default\">\n\t\t\t\t<div class=\"elementor-widget-container\">\n\t\t\t\t\t\t\t<p><a href=\"https:\/\/maps.app.goo.gl\/saUsHSurZGV8UgrP6\"><span style=\"text-decoration: underline;\">Touristischer Bauernhof Izgor\u0161ek, Pongrac 69, 3302 Gri\u017ee, Slowenien<\/span><\/a><\/p>\n\t\t\t\t\t\t<\/div>\n\t\t\t\t<\/div>\n\t\t\t\t<\/div>\n\t\t\t\t\t<\/div>\n\t\t\t\t<\/div>\n\t\t\t\t\t\t\t<\/div>\n\t\t","protected":false},"excerpt":{"rendered":"<p>Tag zur Gesundheitsf\u00f6rderung Am leicht h\u00fcgeligen, grasbewachsenen Waldhang des Weilers Velika hosta, auf der Nordseite des Zasavje-H\u00fcgellandes, befindet sich der Touristische Bauernhof Izgor\u0161ek. Neben der Vermietung von Apartments besch\u00e4ftigen wir uns aktiv mit dem Bogenschie\u00dfen. Sie sind herzlich eingeladen, einen aktiven Tag mit Ihren Kollegen im Frieden und in der K\u00fchle des gr\u00fcnen Waldes zu [&hellip;]<\/p>\n","protected":false},"author":6,"featured_media":0,"parent":0,"menu_order":0,"comment_status":"closed","ping_status":"closed","template":"template-full-width.php","meta":{"_acf_changed":false,"footnotes":""},"class_list":["post-3077","page","type-page","status-publish","hentry"],"acf":[],"_links":{"self":[{"href":"https:\/\/izgorsek.si\/de\/wp-json\/wp\/v2\/pages\/3077","targetHints":{"allow":["GET"]}}],"collection":[{"href":"https:\/\/izgorsek.si\/de\/wp-json\/wp\/v2\/pages"}],"about":[{"href":"https:\/\/izgorsek.si\/de\/wp-json\/wp\/v2\/types\/page"}],"author":[{"embeddable":true,"href":"https:\/\/izgorsek.si\/de\/wp-json\/wp\/v2\/users\/6"}],"replies":[{"embeddable":true,"href":"https:\/\/izgorsek.si\/de\/wp-json\/wp\/v2\/comments?post=3077"}],"version-history":[{"count":1,"href":"https:\/\/izgorsek.si\/de\/wp-json\/wp\/v2\/pages\/3077\/revisions"}],"predecessor-version":[{"id":3078,"href":"https:\/\/izgorsek.si\/de\/wp-json\/wp\/v2\/pages\/3077\/revisions\/3078"}],"wp:attachment":[{"href":"https:\/\/izgorsek.si\/de\/wp-json\/wp\/v2\/media?parent=3077"}],"curies":[{"name":"wp","href":"https:\/\/api.w.org\/{rel}","templated":true}]}}